{"id":448,"date":"2020-09-26T00:00:54","date_gmt":"2020-09-26T00:00:54","guid":{"rendered":"http:\/\/sao-malandrao.com\/index.php\/home\/"},"modified":"2020-11-18T12:56:20","modified_gmt":"2020-11-18T12:56:20","slug":"home","status":"publish","type":"page","link":"https:\/\/sao-malandrao.com\/","title":{"rendered":"Home"},"content":{"rendered":"\r\n\r\n\r\n<p>Der Name dieser Website ist S\u00e3o Malandr\u00e3o. Als malandro oder in gesteigerter Form als malandr\u00e3o bezeichnet man in Brasilien einen Menschen, der einfallsreich und clever stets das Beste aus jeder Situation macht.<\/p>\r\n\r\n\r\n\r\n<p>Wenn ein Staat seine B\u00fcrger also mit immer h\u00f6heren Steuern belastet, sucht der malandr\u00e3o nach einem cleveren Weg diesen Steuern lieber gleich ganz aus dem Weg zu gehen. Er lehnt es ab einfach nur zu jammern und macht sich lieber auf, solide L\u00f6sungen zu finden.<\/p>\r\n\r\n\r\n\r\n<p>Der S\u00e3o Malandr\u00e3o ist also der Schutzpatron dieser Website und aller seiner geneigten Leser.<\/p>\r\n\r\n\r\n\r\n\r\n\r\n<p><em><strong>robert@sao-malandrao.com<\/strong><\/em><\/p>\r\n\r\n\r\n\r\n<p>&nbsp;<\/p>\r\n","protected":false},"excerpt":{"rendered":"<p>Der Name dieser Website ist S\u00e3o Malandr\u00e3o. Als malandro oder in gesteigerter Form als malandr\u00e3o bezeichnet man in Brasilien einen Menschen, der einfallsreich und clever<\/p>\n<p><a href=\"https:\/\/sao-malandrao.com\/\" class=\"more-link\">Read More<span class=\"screen-reader-text\">Home<\/span><\/a><\/p>\n","protected":false},"author":3,"featured_media":0,"parent":0,"menu_order":0,"comment_status":"closed","ping_status":"closed","template":"","meta":{"footnotes":""},"class_list":["post-448","page","type-page","status-publish","hentry"],"aioseo_notices":[],"_links":{"self":[{"href":"https:\/\/sao-malandrao.com\/index.php\/wp-json\/wp\/v2\/pages\/448"}],"collection":[{"href":"https:\/\/sao-malandrao.com\/index.php\/wp-json\/wp\/v2\/pages"}],"about":[{"href":"https:\/\/sao-malandrao.com\/index.php\/wp-json\/wp\/v2\/types\/page"}],"author":[{"embeddable":true,"href":"https:\/\/sao-malandrao.com\/index.php\/wp-json\/wp\/v2\/users\/3"}],"replies":[{"embeddable":true,"href":"https:\/\/sao-malandrao.com\/index.php\/wp-json\/wp\/v2\/comments?post=448"}],"version-history":[{"count":42,"href":"https:\/\/sao-malandrao.com\/index.php\/wp-json\/wp\/v2\/pages\/448\/revisions"}],"predecessor-version":[{"id":878,"href":"https:\/\/sao-malandrao.com\/index.php\/wp-json\/wp\/v2\/pages\/448\/revisions\/878"}],"wp:attachment":[{"href":"https:\/\/sao-malandrao.com\/index.php\/wp-json\/wp\/v2\/media?parent=448"}],"curies":[{"name":"wp","href":"https:\/\/api.w.org\/{rel}","templated":true}]}}