{"id":881,"date":"2020-11-18T13:25:22","date_gmt":"2020-11-18T13:25:22","guid":{"rendered":"http:\/\/sao-malandrao.com\/?page_id=881"},"modified":"2020-12-10T07:36:01","modified_gmt":"2020-12-10T07:36:01","slug":"beratung","status":"publish","type":"page","link":"https:\/\/sao-malandrao.com\/index.php\/beratung\/","title":{"rendered":"Beratung"},"content":{"rendered":"<p>Vereinbare hier im Rahmen einer Unternehmensberatung ein <strong>pers\u00f6nliches Beratungsgespr\u00e4ch<\/strong> mit mir.<\/p>\n<p>Du kannst mir <strong>telefonisch bzw. via Video Call<\/strong> Deine derzeitige Lage und Ziele schildern. Bereits hiervon ausgehend kann ich Dir leicht weiterhelfen.<\/p>\n<p>Sehr gerne kann ich auch eine umfassende <strong>schriftliche Stellungnahme\u00a0<\/strong>f\u00fcr Dich pers\u00f6nlich erstellen. Hierzu nehme ich mir die angemessene Zeit, um alle Deine Fragen im Detail zu kl\u00e4ren, Dir wichtige Tipps mitzugeben und Dich auf Stolpersteine aufmerksam zu machen.<\/p>\n<p><strong>Unverbindliche Anfragen<\/strong> hierzu kannst Du an mich per E-Mail oder Messenger richten:<\/p>\n<p><strong><span style=\"font-size: 14pt;\"><span style=\"color: #000000;\">Email<\/span>:<br \/>\n<\/span><\/strong>robert@sao-malandrao.com<\/p>\n<table style=\"border-style: none;\">\n<tbody>\n<tr>\n<td><strong>WhatsApp<\/strong><br \/>\n<a href=\"https:\/\/api.whatsapp.com\/send\/?phone=4915143676716&amp;text&amp;app_absent=0\"><img loading=\"lazy\" decoding=\"async\" class=\"alignnone wp-image-915\" title=\"&lt;a href=&quot;https:\/\/www.freepnglogos.com\/images\/whatsapp-logo-png-2266.html&quot;&gt;whatsapp png logo from freepnglogos.com&lt;\/a&gt;\" src=\"http:\/\/sao-malandrao.com\/wp-content\/uploads\/2020\/11\/WhatsApp_Logo-e1605942521622-150x150.png\" alt=\"\" width=\"90\" height=\"89\" srcset=\"https:\/\/sao-malandrao.com\/wp-content\/uploads\/2020\/11\/WhatsApp_Logo-e1605942521622-150x150.png 150w, https:\/\/sao-malandrao.com\/wp-content\/uploads\/2020\/11\/WhatsApp_Logo-e1605942521622-300x298.png 300w, https:\/\/sao-malandrao.com\/wp-content\/uploads\/2020\/11\/WhatsApp_Logo-e1605942521622.png 330w\" sizes=\"(max-width: 90px) 100vw, 90px\" \/><\/a><br \/>\n<a href=\"https:\/\/api.whatsapp.com\/send\/?phone=4915143676716&amp;text&amp;app_absent=0\"><strong>+49 1514 3676 716<\/strong><\/a><\/td>\n<\/tr>\n<tr>\n<td><strong>Telegram<\/strong><br \/>\n<a href=\"https:\/\/t.me\/sao_malandrao\"><img loading=\"lazy\" decoding=\"async\" class=\"alignnone wp-image-913\" title=\"&lt;a href=&quot;https:\/\/www.freepnglogos.com\/images\/telegram-logo-944.html&quot;&gt;telegram logo png from freepnglogos.com&lt;\/a&gt;\" src=\"http:\/\/sao-malandrao.com\/wp-content\/uploads\/2020\/11\/Telegram_Logo-150x150.png\" alt=\"\" width=\"90\" height=\"90\" srcset=\"https:\/\/sao-malandrao.com\/wp-content\/uploads\/2020\/11\/Telegram_Logo-150x150.png 150w, https:\/\/sao-malandrao.com\/wp-content\/uploads\/2020\/11\/Telegram_Logo-300x300.png 300w, https:\/\/sao-malandrao.com\/wp-content\/uploads\/2020\/11\/Telegram_Logo.png 1024w, https:\/\/sao-malandrao.com\/wp-content\/uploads\/2020\/11\/Telegram_Logo-768x768.png 768w\" sizes=\"(max-width: 90px) 100vw, 90px\" \/><\/a><br \/>\n<a href=\"https:\/\/t.me\/sao_malandrao\"><strong>@<\/strong><strong>sao_malandrao<\/strong><\/a><\/td>\n<\/tr>\n<tr>\n<td><strong>Viber<\/strong><br \/>\n<a href=\"https:\/\/msng.link\/o\/?4915143676716=vi\"><img loading=\"lazy\" decoding=\"async\" class=\"alignnone wp-image-912\" title=\"&lt;a href=&quot;https:\/\/www.freepnglogos.com\/images\/viber-19537.html&quot;&gt;viber icon ico png icns download from freepnglogos.com&lt;\/a&gt;\" src=\"http:\/\/sao-malandrao.com\/wp-content\/uploads\/2020\/11\/Viber-Logo-e1605941576382-150x150.png\" alt=\"\" width=\"90\" height=\"89\" srcset=\"https:\/\/sao-malandrao.com\/wp-content\/uploads\/2020\/11\/Viber-Logo-e1605941576382-150x150.png 150w, https:\/\/sao-malandrao.com\/wp-content\/uploads\/2020\/11\/Viber-Logo-e1605941576382-300x297.png 300w, https:\/\/sao-malandrao.com\/wp-content\/uploads\/2020\/11\/Viber-Logo-e1605941576382.png 458w\" sizes=\"(max-width: 90px) 100vw, 90px\" \/><\/a><br \/>\n<a href=\"https:\/\/msng.link\/o\/?4915143676716=vi\"><strong>+49 1514 3676 716<\/strong><\/a><\/td>\n<\/tr>\n<\/tbody>\n<\/table>\n<p>Ich bitte aber um Beachtung, dass meine Beratung keine rechtliche bzw. steuerrechtliche Beratung darstellt. Insbesondere soweit es steuerrechtliche Themen betrifft, ist meine T\u00e4tigkeit journalistischer Natur. Ich teile allgemeing\u00fcltige Informationen, Erkenntnisse und Meinungen aus Prim\u00e4rquellen (Gesetzestexten) und Sekund\u00e4rquellen (Fachliteratur). Hierdurch bist Du in der Lage Dein Unternehmen strategisch auszurichten, indem Du etwa bereits eine Vorentscheidung \u00fcber einen g\u00fcnstigen Unternehmenssitz bzw. Wohnsitz f\u00fcr Dich treffen kannst.<\/p>\n<p>Wenn Dein Plan dann feststeht, und Du individuelle Steuerberatung ben\u00f6tigst, kann ich Dir die Dienste von spezialisierten Steuerberatern vor Ort weiterempfehlen und den Kontakt herstellen.<\/p>\n<p>&nbsp;<\/p>\n","protected":false},"excerpt":{"rendered":"<p>Vereinbare hier im Rahmen einer Unternehmensberatung ein pers\u00f6nliches Beratungsgespr\u00e4ch mit mir. Du kannst mir telefonisch bzw. via Video Call Deine derzeitige Lage und Ziele schildern.<\/p>\n<p><a href=\"https:\/\/sao-malandrao.com\/index.php\/beratung\/\" class=\"more-link\">Read More<span class=\"screen-reader-text\">Beratung<\/span><\/a><\/p>\n","protected":false},"author":3,"featured_media":0,"parent":0,"menu_order":0,"comment_status":"closed","ping_status":"closed","template":"","meta":{"footnotes":""},"class_list":["post-881","page","type-page","status-publish","hentry"],"aioseo_notices":[],"_links":{"self":[{"href":"https:\/\/sao-malandrao.com\/index.php\/wp-json\/wp\/v2\/pages\/881"}],"collection":[{"href":"https:\/\/sao-malandrao.com\/index.php\/wp-json\/wp\/v2\/pages"}],"about":[{"href":"https:\/\/sao-malandrao.com\/index.php\/wp-json\/wp\/v2\/types\/page"}],"author":[{"embeddable":true,"href":"https:\/\/sao-malandrao.com\/index.php\/wp-json\/wp\/v2\/users\/3"}],"replies":[{"embeddable":true,"href":"https:\/\/sao-malandrao.com\/index.php\/wp-json\/wp\/v2\/comments?post=881"}],"version-history":[{"count":56,"href":"https:\/\/sao-malandrao.com\/index.php\/wp-json\/wp\/v2\/pages\/881\/revisions"}],"predecessor-version":[{"id":1095,"href":"https:\/\/sao-malandrao.com\/index.php\/wp-json\/wp\/v2\/pages\/881\/revisions\/1095"}],"wp:attachment":[{"href":"https:\/\/sao-malandrao.com\/index.php\/wp-json\/wp\/v2\/media?parent=881"}],"curies":[{"name":"wp","href":"https:\/\/api.w.org\/{rel}","templated":true}]}}